{"id":24395,"date":"2024-04-10T14:11:48","date_gmt":"2024-04-10T12:11:48","guid":{"rendered":"https:\/\/www.metaverse-studio.fr\/politique-de-confidentialite\/"},"modified":"2024-04-10T14:26:33","modified_gmt":"2024-04-10T12:26:33","slug":"privacy-policy","status":"publish","type":"page","link":"https:\/\/www.metaverse-studio.fr\/en\/privacy-policy\/","title":{"rendered":"Privacy Policy"},"content":{"rendered":"<div class=\"fusion-fullwidth fullwidth-box fusion-builder-row-1 fusion-flex-container nonhundred-percent-fullwidth non-hundred-percent-height-scrolling\" style=\"--awb-border-radius-top-left:0px;--awb-border-radius-top-right:0px;--awb-border-radius-bottom-right:0px;--awb-border-radius-bottom-left:0px;--awb-padding-top:40px;--awb-padding-bottom:0px;--awb-padding-top-small:20px;--awb-padding-right-small:20px;--awb-padding-left-small:20px;--awb-margin-bottom:0px;--awb-background-color:#f9f9fa;--awb-flex-wrap:wrap;\" ><div class=\"fusion-builder-row fusion-row fusion-flex-align-items-flex-start fusion-flex-content-wrap\" style=\"max-width:1216.8px;margin-left: calc(-4% \/ 2 );margin-right: calc(-4% \/ 2 );\"><div class=\"fusion-layout-column fusion_builder_column fusion-builder-column-0 fusion_builder_column_1_1 1_1 fusion-flex-column\" style=\"--awb-bg-size:cover;--awb-width-large:100%;--awb-margin-top-large:0px;--awb-spacing-right-large:1.92%;--awb-margin-bottom-large:0px;--awb-spacing-left-large:1.92%;--awb-width-medium:100%;--awb-order-medium:0;--awb-spacing-right-medium:1.92%;--awb-spacing-left-medium:1.92%;--awb-width-small:100%;--awb-order-small:0;--awb-spacing-right-small:1.92%;--awb-spacing-left-small:1.92%;\"><div class=\"fusion-column-wrapper fusion-column-has-shadow fusion-flex-justify-content-flex-start fusion-content-layout-column\"><div class=\"fusion-title title fusion-title-1 fusion-sep-none fusion-title-center fusion-title-text fusion-title-size-one\" style=\"--awb-margin-bottom:0px;--awb-font-size:31px;\"><h1 class=\"fusion-title-heading title-heading-center fusion-responsive-typography-calculated\" style=\"font-family:&quot;Roboto&quot;;font-style:normal;font-weight:700;margin:0;font-size:1em;text-transform:uppercase;--fontSize:31;line-height:1.61;\"><p style=\"text-align: center;\">PRIVACY POLICY<\/p><\/h1><\/div><div class=\"fusion-separator\" style=\"align-self: center;margin-left: auto;margin-right: auto;margin-top:20px;margin-bottom:20px;width:100%;max-width:40%;\"><div class=\"fusion-separator-border sep-single sep-solid\" style=\"--awb-height:20px;--awb-amount:20px;--awb-sep-color:#ffffff;border-color:e2e2e2.;border-top-width:1px;\"><\/div><\/div><\/div><\/div><div class=\"fusion-layout-column fusion_builder_column fusion-builder-column-1 fusion_builder_column_1_1 1_1 fusion-flex-column\" style=\"--awb-bg-size:cover;--awb-width-large:100%;--awb-margin-top-large:0px;--awb-spacing-right-large:1.92%;--awb-margin-bottom-large:20px;--awb-spacing-left-large:1.92%;--awb-width-medium:100%;--awb-order-medium:0;--awb-spacing-right-medium:1.92%;--awb-spacing-left-medium:1.92%;--awb-width-small:100%;--awb-order-small:0;--awb-spacing-right-small:1.92%;--awb-spacing-left-small:1.92%;\"><div class=\"fusion-column-wrapper fusion-column-has-shadow fusion-flex-justify-content-flex-start fusion-content-layout-column\"><div class=\"fusion-text fusion-text-1\" style=\"--awb-text-transform:none;\"><p style=\"text-align: justify;\">We respect your privacy and are committed to protecting your personal data. This privacy policy explains how we collect, use, share and protect the personal data of users of our website.<\/p>\n<p style=\"text-align: justify;\"><strong>Data Collection<\/strong> We collect personal information when you use our website, including, but not limited to, your name, email address, telephone number, and any information you provide when using our services.<\/p>\n<p style=\"text-align: justify;\"><strong>Use of data<\/strong> We use your personal data to:<\/p>\n<ul style=\"text-align: justify;\">\n<li>Providing and improving our services<\/li>\n<li>Communicate with you about our services or offers<\/li>\n<li>Analyze the use of our website to improve the user experience<\/li>\n<\/ul>\n<p style=\"text-align: justify;\"><strong>Data Sharing<\/strong> We do not share your personal data with third parties except as necessary to provide our services, meet legal requirements, or protect our rights.<\/p>\n<p style=\"text-align: justify;\"><strong>Data Security<\/strong> We take appropriate security measures to protect against unauthorized access, modification, disclosure or destruction of your personal data.<\/p>\n<p style=\"text-align: justify;\"><strong>Your rights<\/strong> You have the right to request access, correction, or deletion of your personal data that we hold. If you wish to exercise these rights, please contact us at <strong><a href=\"mailto:contact@interactive-studio.fr\">contact@interactive-studio.fr<\/a><\/strong>.<\/p>\n<p style=\"text-align: justify;\"><strong>Changes to our Privacy Policy<\/strong> We may update our Privacy Policy from time to time. We will notify you of any changes by posting the new policy on our website.<\/p>\n<p style=\"text-align: justify;\"><strong>Contact<\/strong> For any questions or concerns regarding this privacy policy, please contact us at <strong><a href=\"mailto:contact@interactive-studio.fr\">contact@interactive-studio.fr<\/a><\/strong>.<\/p>\n<\/div><\/div><\/div><div class=\"fusion-layout-column fusion_builder_column fusion-builder-column-2 fusion_builder_column_1_1 1_1 fusion-flex-column\" style=\"--awb-bg-size:cover;--awb-width-large:100%;--awb-margin-top-large:0px;--awb-spacing-right-large:1.92%;--awb-margin-bottom-large:20px;--awb-spacing-left-large:1.92%;--awb-width-medium:100%;--awb-order-medium:0;--awb-spacing-right-medium:1.92%;--awb-spacing-left-medium:1.92%;--awb-width-small:100%;--awb-order-small:0;--awb-spacing-right-small:1.92%;--awb-spacing-left-small:1.92%;\"><div class=\"fusion-column-wrapper fusion-column-has-shadow fusion-flex-justify-content-flex-start fusion-content-layout-column\"><div class=\"fusion-title title fusion-title-2 fusion-sep-none fusion-title-center fusion-title-text fusion-title-size-one\" style=\"--awb-margin-bottom:0px;--awb-font-size:31px;\"><h1 class=\"fusion-title-heading title-heading-center fusion-responsive-typography-calculated\" style=\"font-family:&quot;Roboto&quot;;font-style:normal;font-weight:700;margin:0;font-size:1em;text-transform:uppercase;--fontSize:31;line-height:1.61;\"><p style=\"text-align: center;\">COOKIES POLICY<\/p><\/h1><\/div><div class=\"fusion-separator\" style=\"align-self: center;margin-left: auto;margin-right: auto;margin-top:20px;margin-bottom:20px;width:100%;max-width:40%;\"><div class=\"fusion-separator-border sep-single sep-solid\" style=\"--awb-height:20px;--awb-amount:20px;--awb-sep-color:#ffffff;border-color:e2e2e2.;border-top-width:1px;\"><\/div><\/div><div class=\"fusion-text fusion-text-2\"><p style=\"text-align: justify;\">This Metaverse Studio website uses cookies (the \"<strong>Site<\/strong>\"). When viewing the Site, cookies are placed on your computer, tablet or smartphone. The information below is intended to allow the User to better understand how cookies work and where to find the tools to configure them.<\/p>\n<h2 style=\"text-align: justify;\">What is a cookie ?<\/h2>\n<p style=\"text-align: justify;\">The use of cookies is common on the Internet. A cookie is a small text file containing information, which is saved on the hard drive of your terminal (e.g. computer, tablet or mobile phone) when you consult a website using your browser software. It is transmitted by a website's server to your browser.<\/p>\n<p style=\"text-align: justify;\">The cookie file allows its issuer to identify the terminal in which it is recorded during the validity or recording period of the cookie concerned. A cookie cannot be traced back to a natural person.<\/p>\n<h2 style=\"text-align: justify;\">Why use cookies on the Site?<\/h2>\n<p style=\"text-align: justify;\">The Site uses a category of cookies whose purposes are described below. No cookies are used to collect personal information.<\/p>\n<h3 style=\"text-align: justify;\">Audience measurement cookies (statistics)<\/h3>\n<p style=\"text-align: justify;\">These cookies collect information about how visitors use a website. For example, the number of visits, the most visited pages\u2026<\/p>\n<p style=\"text-align: justify;\">On our Site, we use the Google Analytics audience measurement system. This measurement system is a web analysis tool from Google LLC. (hereinafter \"Google\"), whose headquarters are at 1600 Amphitheater Parkway, Mountain View, California 94043 (United States of America). Google Analytics allows us to know how users interact with our Website.<\/p>\n<p style=\"text-align: justify;\">The installation of analytical cookies specific to this service and the registry files of our server allow us to know the total number of users who visit our Site and to know which sections of the site are the most popular. All this allows us to obtain information that can help us improve navigation and provide a better quality service to our users and customers. We inform you that the international transfer to Google is carried out under the conclusion of the standard contractual clauses adopted by the European Commission.<\/p>\n<p style=\"text-align: justify;\">We use Google Analytics to collect information about your use of the site www.metaverse-studio.fr. For what ?<\/p>\n<ul style=\"text-align: justify;\">\n<li>To help us measure and study the effectiveness of our interactive online content;<\/li>\n<li>To track analytical data on the site and the use made of the site by users;<\/li>\n<li>To improve the site's services.<\/li>\n<\/ul>\n<p style=\"text-align: justify;\">Google Analytics collects information on:<\/p>\n<ul style=\"text-align: justify;\">\n<li>The pages you visit and how long you spend on these pages,<\/li>\n<li>The way you arrived on the site (referring site, social networks, search engine, etc.),<\/li>\n<li>The links on the Site that you click on during your visit.<\/li>\n<\/ul>\n<p style=\"text-align: justify;\">We do not collect your personal information (your name or address for example).<br \/>\nWe do not authorize Google Analytics to use or share this data.<br \/>\nYou can choose not to send information to the Google Analytics service.<br \/>\nThe statistical data obtained are not transferred to third parties or used for other purposes.<br \/>\nWe reproduce below the detailed list of cookies that are installed by the Google Analytics service through our Site:<\/p>\n<\/div><div class=\"fusion-text fusion-text-3\"><div class=\"table-1\">\n<table width=\"100%\">\n<thead>\n<tr>\n<th align=\"center\" width=\"22%\">Cookies<\/th>\n<th align=\"center\" width=\"60%\">Object<\/th>\n<th align=\"center\" width=\"18%\">Duration<\/th>\n<\/tr>\n<\/thead>\n<tbody>\n<tr>\n<td align=\"center\"><em>Google Analytics (_ga)<\/em><\/td>\n<td align=\"left\">Used to identify and distinguish a user. These cookies remember a unique customer identifier (customer ID) which is randomly generated. It is used to calculate user interactions (visits, user data, sessions and campaigns), in order to optimize the services they offer.<\/td>\n<td align=\"center\">2 years<\/td>\n<\/tr>\n<tr>\n<td align=\"center\"><em>Google Analytics (_gid)<\/em><\/td>\n<td align=\"left\">Used to identify the same user during the same day.<\/td>\n<td align=\"center\">24 hours<\/td>\n<\/tr>\n<tr>\n<td align=\"center\"><em>Google Analytics (_gat)<\/em><\/td>\n<td align=\"left\">Used to distinguish between different tracking objects created during the session. The cookie updates each time it transmits data to Google Analytics.<\/td>\n<td align=\"center\">1 minute<\/td>\n<\/tr>\n<\/tbody>\n<\/table>\n<\/div>\n<\/div><div class=\"fusion-text fusion-text-4\"><h3 style=\"text-align: justify;\">How to manage cookies?<\/h3>\n<p style=\"text-align: justify;\">Plusieurs possibilit\u00e9s sont offertes \u00e0 l'Utilisateur pour g\u00e9rer les cookies. Toutefois, il est pr\u00e9cis\u00e9 que tout param\u00e9trage r\u00e9alis\u00e9 par l'utilisateur est susceptible de modifier la navigation sur Internet et les conditions d'acc\u00e8s \u00e0 certains services n\u00e9cessitant l'utilisation de cookies.<\/p>\n<p style=\"text-align: justify;\">L'utilisateur peut faire le choix \u00e0 tout moment d'exprimer et de modifier ses souhaits en mati\u00e8re de cookies, par les moyens d\u00e9crits ci-dessous.<\/p>\n<\/div><div align=\"center\"><a href=\"javascript:Didomi.preferences.show()\"} style=\"text-decoration: none; background: #edac00; padding: 10px 15px 8px 15px;border-radius: 3px;font-weight: bold;text-transform: uppercase; text-align: center; width: 300px; color: #fff !important;\">Modifier les cookies<\/a><\/div><div class=\"fusion-text fusion-text-5\" style=\"--awb-margin-top:20px;\"><p style=\"text-align: justify;\">Your browser can thus be configured to notify you of the cookies that are placed on your computer and ask you to accept them or not. You can accept or refuse cookies on a case-by-case basis or refuse them systematically.<\/p>\n<h3 style=\"text-align: justify;\">Configuring your browser<\/h3>\n<ul style=\"text-align: justify;\">\n<li style=\"text-align: justify;\"><em><a href=\"https:\/\/support.google.com\/chrome\/answer\/95647?hl=fr&hlrm=en\">For Chrome<\/a> :<br \/>\n<\/em><\/li>\n<li style=\"text-align: justify;\"><em><a href=\"http:\/\/windows.microsoft.com\/fr-FR\/windows-vista\/Block-or-allow-Cookies\">For Internet Explorer<\/a><br \/>\n<\/em><\/li>\n<li style=\"text-align: justify;\"><em><a href=\"http:\/\/support.mozilla.org\/fr\/kb\/cookies-informations-sites-enregistrent?redirectlocale=fr&redirectslug=G%C3%A9rer+les+cookies\">For FireFox<\/a><br \/>\n<\/em><\/li>\n<li style=\"text-align: justify;\"><em><a href=\"http:\/\/help.opera.com\/Windows\/10.20\/fr\/cookies.html\">Pour Op\u00e9ra<\/a><\/em><\/li>\n<\/ul>\n<p style=\"text-align: justify;\">Opt-out links for audience measurement cookies (statistics)<\/p>\n<p style=\"text-align: justify;\">You can choose not to send information to the Google Analytics service by <strong><a href=\"https:\/\/tools.google.com\/dlpage\/gaoptout\">clicking here<\/a><\/strong><\/p>\n<h3 style=\"text-align: justify;\">More information on cookies<\/h3>\n<p style=\"text-align: justify;\">For more information on cookies, the User can go to the CNIL website, <strong><a href=\"http:\/\/www.cnil.fr\/vos-droits\/vos-traces\/les-cookies\/\">at this address.<\/a><\/strong><\/p>\n<\/div><\/div><\/div><\/div><\/div>\n","protected":false},"excerpt":{"rendered":"","protected":false},"author":4,"featured_media":0,"parent":0,"menu_order":0,"comment_status":"closed","ping_status":"closed","template":"100-width.php","meta":{"footnotes":""},"class_list":["post-24395","page","type-page","status-publish","hentry"],"yoast_head":"<!-- This site is optimized with the Yoast SEO plugin v26.2 - https:\/\/yoast.com\/wordpress\/plugins\/seo\/ -->\n<title>Privacy Policy - Metaverse Studio<\/title>\n<meta name=\"robots\" content=\"index, follow, max-snippet:-1, max-image-preview:large, max-video-preview:-1\" \/>\n<link rel=\"canonical\" href=\"https:\/\/www.metaverse-studio.fr\/en\/privacy-policy\/\" \/>\n<meta property=\"og:locale\" content=\"en_US\" \/>\n<meta property=\"og:type\" content=\"article\" \/>\n<meta property=\"og:title\" content=\"Privacy Policy - Metaverse Studio\" \/>\n<meta property=\"og:url\" content=\"https:\/\/www.metaverse-studio.fr\/en\/privacy-policy\/\" \/>\n<meta property=\"og:site_name\" content=\"Metaverse Studio\" \/>\n<meta property=\"article:publisher\" content=\"https:\/\/www.facebook.com\/Interactive.studio.paris.hologramme.filtre.insta\/\" \/>\n<meta property=\"article:modified_time\" content=\"2024-04-10T12:26:33+00:00\" \/>\n<meta property=\"og:image\" content=\"https:\/\/www.metaverse-studio.fr\/wp-content\/uploads\/2023\/06\/partage-metaverse2-jpg.webp\" \/>\n\t<meta property=\"og:image:width\" content=\"1200\" \/>\n\t<meta property=\"og:image:height\" content=\"675\" \/>\n\t<meta property=\"og:image:type\" content=\"image\/jpeg\" \/>\n<meta name=\"twitter:card\" content=\"summary_large_image\" \/>\n<meta name=\"twitter:site\" content=\"@interactivestud\" \/>\n<meta name=\"twitter:label1\" content=\"Est. reading time\" \/>\n\t<meta name=\"twitter:data1\" content=\"5 minutes\" \/>\n<script type=\"application\/ld+json\" class=\"yoast-schema-graph\">{\"@context\":\"https:\/\/schema.org\",\"@graph\":[{\"@type\":\"WebPage\",\"@id\":\"https:\/\/www.metaverse-studio.fr\/en\/privacy-policy\/\",\"url\":\"https:\/\/www.metaverse-studio.fr\/en\/privacy-policy\/\",\"name\":\"Privacy Policy - Metaverse Studio\",\"isPartOf\":{\"@id\":\"https:\/\/www.metaverse-studio.fr\/en\/#website\"},\"datePublished\":\"2024-04-10T12:11:48+00:00\",\"dateModified\":\"2024-04-10T12:26:33+00:00\",\"breadcrumb\":{\"@id\":\"https:\/\/www.metaverse-studio.fr\/en\/privacy-policy\/#breadcrumb\"},\"inLanguage\":\"en-US\",\"potentialAction\":[{\"@type\":\"ReadAction\",\"target\":[\"https:\/\/www.metaverse-studio.fr\/en\/privacy-policy\/\"]}]},{\"@type\":\"BreadcrumbList\",\"@id\":\"https:\/\/www.metaverse-studio.fr\/en\/privacy-policy\/#breadcrumb\",\"itemListElement\":[{\"@type\":\"ListItem\",\"position\":1,\"name\":\"Accueil\",\"item\":\"https:\/\/www.metaverse-studio.fr\/en\/\"},{\"@type\":\"ListItem\",\"position\":2,\"name\":\"Privacy Policy\"}]},{\"@type\":\"WebSite\",\"@id\":\"https:\/\/www.metaverse-studio.fr\/en\/#website\",\"url\":\"https:\/\/www.metaverse-studio.fr\/en\/\",\"name\":\"Metaverse Studio: Agence Metaverses Web3 et Gaming\",\"description\":\"Your pass to a news Internet\",\"publisher\":{\"@id\":\"https:\/\/www.metaverse-studio.fr\/en\/#organization\"},\"potentialAction\":[{\"@type\":\"SearchAction\",\"target\":{\"@type\":\"EntryPoint\",\"urlTemplate\":\"https:\/\/www.metaverse-studio.fr\/en\/?s={search_term_string}\"},\"query-input\":{\"@type\":\"PropertyValueSpecification\",\"valueRequired\":true,\"valueName\":\"search_term_string\"}}],\"inLanguage\":\"en-US\"},{\"@type\":\"Organization\",\"@id\":\"https:\/\/www.metaverse-studio.fr\/en\/#organization\",\"name\":\"Metaverse Studio\",\"url\":\"https:\/\/www.metaverse-studio.fr\/en\/\",\"logo\":{\"@type\":\"ImageObject\",\"inLanguage\":\"en-US\",\"@id\":\"https:\/\/www.metaverse-studio.fr\/en\/#\/schema\/logo\/image\/\",\"url\":\"https:\/\/www.metaverse-studio.fr\/wp-content\/uploads\/2021\/12\/screenshot.jpg\",\"contentUrl\":\"https:\/\/www.metaverse-studio.fr\/wp-content\/uploads\/2021\/12\/screenshot.jpg\",\"width\":1760,\"height\":1320,\"caption\":\"Metaverse Studio\"},\"image\":{\"@id\":\"https:\/\/www.metaverse-studio.fr\/en\/#\/schema\/logo\/image\/\"},\"sameAs\":[\"https:\/\/www.facebook.com\/Interactive.studio.paris.hologramme.filtre.insta\/\",\"https:\/\/x.com\/interactivestud\",\"https:\/\/www.instagram.com\/interactivestudio\/\",\"https:\/\/www.linkedin.com\/company\/interactivestudio\/\",\"https:\/\/www.pinterest.fr\/interactivestudioparis\/\",\"https:\/\/www.youtube.com\/channel\/UCtBpQ3KPDaxahKX6jd_1SOQ\"]}]}<\/script>\n<!-- \/ Yoast SEO plugin. -->","yoast_head_json":{"title":"Privacy Policy - Metaverse Studio","robots":{"index":"index","follow":"follow","max-snippet":"max-snippet:-1","max-image-preview":"max-image-preview:large","max-video-preview":"max-video-preview:-1"},"canonical":"https:\/\/www.metaverse-studio.fr\/en\/privacy-policy\/","og_locale":"en_US","og_type":"article","og_title":"Privacy Policy - Metaverse Studio","og_url":"https:\/\/www.metaverse-studio.fr\/en\/privacy-policy\/","og_site_name":"Metaverse Studio","article_publisher":"https:\/\/www.facebook.com\/Interactive.studio.paris.hologramme.filtre.insta\/","article_modified_time":"2024-04-10T12:26:33+00:00","og_image":[{"width":1200,"height":675,"url":"https:\/\/www.metaverse-studio.fr\/wp-content\/uploads\/2023\/06\/partage-metaverse2-jpg.webp","type":"image\/jpeg"}],"twitter_card":"summary_large_image","twitter_site":"@interactivestud","twitter_misc":{"Est. reading time":"5 minutes"},"schema":{"@context":"https:\/\/schema.org","@graph":[{"@type":"WebPage","@id":"https:\/\/www.metaverse-studio.fr\/en\/privacy-policy\/","url":"https:\/\/www.metaverse-studio.fr\/en\/privacy-policy\/","name":"Privacy Policy - Metaverse Studio","isPartOf":{"@id":"https:\/\/www.metaverse-studio.fr\/en\/#website"},"datePublished":"2024-04-10T12:11:48+00:00","dateModified":"2024-04-10T12:26:33+00:00","breadcrumb":{"@id":"https:\/\/www.metaverse-studio.fr\/en\/privacy-policy\/#breadcrumb"},"inLanguage":"en-US","potentialAction":[{"@type":"ReadAction","target":["https:\/\/www.metaverse-studio.fr\/en\/privacy-policy\/"]}]},{"@type":"BreadcrumbList","@id":"https:\/\/www.metaverse-studio.fr\/en\/privacy-policy\/#breadcrumb","itemListElement":[{"@type":"ListItem","position":1,"name":"Accueil","item":"https:\/\/www.metaverse-studio.fr\/en\/"},{"@type":"ListItem","position":2,"name":"Privacy Policy"}]},{"@type":"WebSite","@id":"https:\/\/www.metaverse-studio.fr\/en\/#website","url":"https:\/\/www.metaverse-studio.fr\/en\/","name":"Metaverse Studio: Agence Metaverses Web3 et Gaming","description":"Your pass to a news Internet","publisher":{"@id":"https:\/\/www.metaverse-studio.fr\/en\/#organization"},"potentialAction":[{"@type":"SearchAction","target":{"@type":"EntryPoint","urlTemplate":"https:\/\/www.metaverse-studio.fr\/en\/?s={search_term_string}"},"query-input":{"@type":"PropertyValueSpecification","valueRequired":true,"valueName":"search_term_string"}}],"inLanguage":"en-US"},{"@type":"Organization","@id":"https:\/\/www.metaverse-studio.fr\/en\/#organization","name":"Metaverse Studio","url":"https:\/\/www.metaverse-studio.fr\/en\/","logo":{"@type":"ImageObject","inLanguage":"en-US","@id":"https:\/\/www.metaverse-studio.fr\/en\/#\/schema\/logo\/image\/","url":"https:\/\/www.metaverse-studio.fr\/wp-content\/uploads\/2021\/12\/screenshot.jpg","contentUrl":"https:\/\/www.metaverse-studio.fr\/wp-content\/uploads\/2021\/12\/screenshot.jpg","width":1760,"height":1320,"caption":"Metaverse Studio"},"image":{"@id":"https:\/\/www.metaverse-studio.fr\/en\/#\/schema\/logo\/image\/"},"sameAs":["https:\/\/www.facebook.com\/Interactive.studio.paris.hologramme.filtre.insta\/","https:\/\/x.com\/interactivestud","https:\/\/www.instagram.com\/interactivestudio\/","https:\/\/www.linkedin.com\/company\/interactivestudio\/","https:\/\/www.pinterest.fr\/interactivestudioparis\/","https:\/\/www.youtube.com\/channel\/UCtBpQ3KPDaxahKX6jd_1SOQ"]}]}},"_links":{"self":[{"href":"https:\/\/www.metaverse-studio.fr\/en\/wp-json\/wp\/v2\/pages\/24395","targetHints":{"allow":["GET"]}}],"collection":[{"href":"https:\/\/www.metaverse-studio.fr\/en\/wp-json\/wp\/v2\/pages"}],"about":[{"href":"https:\/\/www.metaverse-studio.fr\/en\/wp-json\/wp\/v2\/types\/page"}],"author":[{"embeddable":true,"href":"https:\/\/www.metaverse-studio.fr\/en\/wp-json\/wp\/v2\/users\/4"}],"replies":[{"embeddable":true,"href":"https:\/\/www.metaverse-studio.fr\/en\/wp-json\/wp\/v2\/comments?post=24395"}],"version-history":[{"count":2,"href":"https:\/\/www.metaverse-studio.fr\/en\/wp-json\/wp\/v2\/pages\/24395\/revisions"}],"predecessor-version":[{"id":24397,"href":"https:\/\/www.metaverse-studio.fr\/en\/wp-json\/wp\/v2\/pages\/24395\/revisions\/24397"}],"wp:attachment":[{"href":"https:\/\/www.metaverse-studio.fr\/en\/wp-json\/wp\/v2\/media?parent=24395"}],"curies":[{"name":"wp","href":"https:\/\/api.w.org\/{rel}","templated":true}]}}